{"id":2516,"date":"2021-07-02T15:42:41","date_gmt":"2021-07-02T13:42:41","guid":{"rendered":"http:\/\/www.grazioliangelo.it\/i-nostri-servizi\/"},"modified":"2022-07-07T16:17:25","modified_gmt":"2022-07-07T14:17:25","slug":"dienstleistungen","status":"publish","type":"page","link":"https:\/\/www.grazioliangelo.it\/de\/dienstleistungen\/","title":{"rendered":"Dienstleistungen"},"content":{"rendered":"<div class=\"wpb-content-wrapper\"><p>[vc_row][vc_column][vc_raw_html]JTNDc3R5bGUlM0Vib2R5JTdCY29sb3IlM0ElMjAlMjMwMDAlM0IlN0RzZWN0aW9uJTIwJTdCYmFja2dyb3VuZCUzQSUyMCUyM2ZmZiUzQiU3RCUzQyUyRnN0eWxlJTNF[\/vc_raw_html][\/vc_column][\/vc_row][vc_row css=&#8221;.vc_custom_1624540229136{background-color: #ffffff !important;}&#8221;][vc_column]\n\t<!-- Element: OT Heading --> \t \n\t<h2 class=\"ot_custom_heading  \" style=\"color: #003a68;\" >Unsere Dienstleistungen<\/h2>\t\n[vc_column_text]<\/p>\n<p style=\"text-align: justify;\">Das Unternehmen fertigt Pr\u00e4zisionskomponenten f\u00fcr Dritte anhand der von den Kunden gelieferten Zeichnungen. Dies geschieht durch die Entwicklung eines eigenen Produktionsverfahrens, den Bau der f\u00fcr die Ausf\u00fchrung der Arbeiten erforderlichen Anlagen, die Herstellung von Produkten aus Rohmaterial in Stangenform oder warmgewalzt unter Verwendung von Baust\u00e4hlen, durch mechanische Bearbeitung im eigenen Haus oder durch qualifizierte Zulieferer sowie durch W\u00e4rme- und Oberfl\u00e4chenbehandlungen, die von spezialisierten Mitarbeitern durchgef\u00fchrt werden.<\/p>\n<p>[\/vc_column_text][vc_row_inner][vc_column_inner width=&#8221;1\/2&#8243;]\n\t<!-- Element: OT Heading --> \t \n\t<h4 class=\"ot_custom_heading  \" style=\"color: #003a68;\" >Rohstoffe<\/h4>\t\n[vc_single_image image=&#8221;2525&#8243; img_size=&#8221;full&#8221;][vc_empty_space height=&#8221;15px&#8221;][vc_column_text]<\/p>\n<p style=\"text-align: justify;\">Als Rohstoffe werden Baust\u00e4hle in Stangenform oder warmgewalzte Werkstoffe verwendet, insbesondere verg\u00fctete, induktionsgeh\u00e4rtete und nitrierte.<\/p>\n<p>[\/vc_column_text][vc_empty_space height=&#8221;15px&#8221;][\/vc_column_inner][vc_column_inner width=&#8221;1\/2&#8243;]\n\t<!-- Element: OT Heading --> \t \n\t<h4 class=\"ot_custom_heading  \" style=\"color: #003a68;\" >W\u00e4rmebehandlungen<\/h4>\t\n[vc_single_image image=&#8221;2526&#8243; img_size=&#8221;full&#8221;][vc_empty_space height=&#8221;15px&#8221;][vc_column_text]<\/p>\n<p style=\"text-align: justify;\">Wir nehmen die Induktionsh\u00e4rtung im eigenen Werk vor und das Nitrieren, Karbonitrieren und Einsatzh\u00e4rten wird von externen Zulieferern durchgef\u00fchrt.<\/p>\n<p>[\/vc_column_text][vc_empty_space height=&#8221;15px&#8221;][\/vc_column_inner][\/vc_row_inner][vc_row_inner][vc_column_inner]\t<!-- Element: OT Line solid --> \t \n\t<div class=\"line-dark separator \"><span><i class=\"fa fa-circle\"><\/i><\/span><\/div>\n\t<div class=\"spacer-single\"><\/div>\t      \n[\/vc_column_inner][\/vc_row_inner][vc_row_inner][vc_column_inner width=&#8221;1\/2&#8243;]\n\t<!-- Element: OT Heading --> \t \n\t<h4 class=\"ot_custom_heading  \" style=\"color: #003a68;\" >Zu montierende Komponenten<\/h4>\t\n[vc_single_image image=&#8221;2577&#8243; img_size=&#8221;full&#8221;][vc_empty_space height=&#8221;15px&#8221;][vc_column_text]<\/p>\n<p style=\"text-align: justify;\">Gestanzte oder lasergeschnittene Komponenten kaufen wir von speziellen Zulieferern, um diese dann mit Komponenten aus unserer eigenen Bearbeitung zu verbinden und\/oder zu verschwei\u00dfen.<\/p>\n<p>[\/vc_column_text][vc_empty_space height=&#8221;15px&#8221;][\/vc_column_inner][vc_column_inner width=&#8221;1\/2&#8243;]\n\t<!-- Element: OT Heading --> \t \n\t<h4 class=\"ot_custom_heading  \" style=\"color: #003a68;\" >Oberfl\u00e4chenbehandlungen<\/h4>\t\n[vc_single_image image=&#8221;2549&#8243; img_size=&#8221;full&#8221;][vc_empty_space height=&#8221;15px&#8221;][vc_column_text]<\/p>\n<p style=\"text-align: justify;\">Zu den am h\u00e4ufigsten eingesetzten Verfahren in unserer Produktion geh\u00f6ren Verzinkung, Phosphatierung, Vernickelung, Verchromung, Molybd\u00e4n- und Molykotebeschichtung sowie Lackierung.<\/p>\n<p>[\/vc_column_text][vc_empty_space height=&#8221;15px&#8221;][\/vc_column_inner][\/vc_row_inner][vc_row_inner][vc_column_inner]\t<!-- Element: OT Line solid --> \t \n\t<div class=\"line-dark separator \"><span><i class=\"fa fa-circle\"><\/i><\/span><\/div>\n\t<div class=\"spacer-single\"><\/div>\t      \n[\/vc_column_inner][\/vc_row_inner][vc_row_inner][vc_column_inner width=&#8221;1\/2&#8243;]\n\t<!-- Element: OT Heading --> \t \n\t<h4 class=\"ot_custom_heading  \" style=\"color: #003a68;\" >Mechanische Bearbeitung<\/h4>\t\n[vc_empty_space height=&#8221;15px&#8221;][vc_single_image image=&#8221;2528&#8243; img_size=&#8221;full&#8221;][vc_empty_space height=&#8221;15px&#8221;][vc_column_text]<\/p>\n<p style=\"text-align: justify;\">Die mechanischen Bearbeitungen, die in unserem Werkdurchgef\u00fchrt werden, sind Schneiden, Bohren, Drehen, Fr\u00e4sen und spitzenloses Schleifen. Daneben werden das Drehen von Kleinteilen, Verzahnen, Tiefbohren, Spitzenschleifen und Schwei\u00dfen von externen Zulieferern durchgef\u00fchrt.<\/p>\n<p>[\/vc_column_text][vc_empty_space height=&#8221;15px&#8221;][\/vc_column_inner][vc_column_inner width=&#8221;1\/2&#8243;]\n\t<!-- Element: OT Heading --> \t \n\t<h4 class=\"ot_custom_heading  \" style=\"color: #003a68;\" >Ausland<\/h4>\t\n[vc_empty_space height=&#8221;15px&#8221;][vc_single_image image=&#8221;2527&#8243; img_size=&#8221;full&#8221;][vc_empty_space height=&#8221;15px&#8221;][vc_column_text]<\/p>\n<p style=\"text-align: justify;\">Unser Unternehmen liefert mehr als 35% seiner Produkte in \u00fcber 20 L\u00e4nder, u.a. Deutschland, England, Belgien, Frankreich, \u00d6sterreich, Spanien, Polen, Ungarn, T\u00fcrkei, Kroatien, USA, Kanada, Mexiko, Argentinien, Brasilien, Indien und China.<\/p>\n<p>[\/vc_column_text][vc_empty_space height=&#8221;15px&#8221;][\/vc_column_inner][\/vc_row_inner][\/vc_column][\/vc_row][vc_row css=&#8221;.vc_custom_1625232511619{background-color: #ffffff !important;}&#8221;][vc_column][vc_empty_space][\/vc_column][\/vc_row]<\/p>\n<\/div>","protected":false},"excerpt":{"rendered":"<p>[vc_row][vc_column][vc_raw_html]JTNDc3R5bGUlM0Vib2R5JTdCY29sb3IlM0ElMjAlMjMwMDAlM0IlN0RzZWN0aW9uJTIwJTdCYmFja2dyb3VuZCUzQSUyMCUyM2ZmZiUzQiU3RCUzQyUyRnN0eWxlJTNF[\/vc_raw_html][\/vc_column][\/vc_row][vc_row css=&#8221;.vc_custom_1624540229136{background-color: #ffffff !important;}&#8221;][vc_column][vc_column_text] Das Unternehmen fertigt Pr\u00e4zisionskomponenten f\u00fcr Dritte anhand der von den Kunden gelieferten Zeichnungen. Dies geschieht durch die Entwicklung eines eigenen Produktionsverfahrens, den Bau der f\u00fcr die Ausf\u00fchrung der Arbeiten erforderlichen Anlagen, die Herstellung von Produkten aus Rohmaterial in Stangenform oder warmgewalzt unter Verwendung von Baust\u00e4hlen, durch mechanische Bearbeitung im eigenen Haus [&hellip;]<\/p>\n","protected":false},"author":1,"featured_media":0,"parent":0,"menu_order":0,"comment_status":"open","ping_status":"open","template":"page-templates\/template-fullwidth.php","meta":{"footnotes":""},"class_list":["post-2516","page","type-page","status-publish","hentry"],"yoast_head":"<!-- This site is optimized with the Yoast SEO plugin v17.2 - https:\/\/yoast.com\/wordpress\/plugins\/seo\/ -->\n<title>Dienstleistungen - Grazioli Angelo &amp; Fratelli Srl<\/title>\n<meta name=\"description\" content=\"Unsere Dienstleistungen sind die Herstellung von Produkten aus Rohmaterial in Stangenform oder warmgewalzt unter Verwendung von Baust\u00e4hlen...\" \/>\n<meta name=\"robots\" content=\"index, follow, max-snippet:-1, max-image-preview:large, max-video-preview:-1\" \/>\n<link rel=\"canonical\" href=\"https:\/\/www.grazioliangelo.it\/de\/dienstleistungen\/\" \/>\n<meta property=\"og:locale\" content=\"de_DE\" \/>\n<meta property=\"og:type\" content=\"article\" \/>\n<meta property=\"og:title\" content=\"Dienstleistungen - Grazioli Angelo &amp; Fratelli Srl\" \/>\n<meta property=\"og:description\" content=\"Unsere Dienstleistungen sind die Herstellung von Produkten aus Rohmaterial in Stangenform oder warmgewalzt unter Verwendung von Baust\u00e4hlen...\" \/>\n<meta property=\"og:url\" content=\"https:\/\/www.grazioliangelo.it\/de\/dienstleistungen\/\" \/>\n<meta property=\"og:site_name\" content=\"Grazioli Angelo &amp; Fratelli Srl\" \/>\n<meta property=\"article:modified_time\" content=\"2022-07-07T14:17:25+00:00\" \/>\n<meta name=\"twitter:card\" content=\"summary_large_image\" \/>\n<meta name=\"twitter:label1\" content=\"Gesch\u00e4tzte Lesezeit\" \/>\n\t<meta name=\"twitter:data1\" content=\"2\u00a0Minuten\" \/>\n<script type=\"application\/ld+json\" class=\"yoast-schema-graph\">{\"@context\":\"https:\/\/schema.org\",\"@graph\":[{\"@type\":\"Organization\",\"@id\":\"http:\/\/www.grazioliangelo.it\/de\/#organization\",\"name\":\"Grazioli Angelo & Fratelli Srl\",\"url\":\"http:\/\/www.grazioliangelo.it\/de\/\",\"sameAs\":[],\"logo\":{\"@type\":\"ImageObject\",\"@id\":\"http:\/\/www.grazioliangelo.it\/de\/#logo\",\"inLanguage\":\"de\",\"url\":\"https:\/\/www.grazioliangelo.it\/wp-content\/uploads\/2021\/09\/fratelligrazioli.jpg\",\"contentUrl\":\"https:\/\/www.grazioliangelo.it\/wp-content\/uploads\/2021\/09\/fratelligrazioli.jpg\",\"width\":311,\"height\":311,\"caption\":\"Grazioli Angelo & Fratelli Srl\"},\"image\":{\"@id\":\"http:\/\/www.grazioliangelo.it\/de\/#logo\"}},{\"@type\":\"WebSite\",\"@id\":\"http:\/\/www.grazioliangelo.it\/de\/#website\",\"url\":\"http:\/\/www.grazioliangelo.it\/de\/\",\"name\":\"Grazioli Angelo &amp; Fratelli Srl\",\"description\":\"\",\"publisher\":{\"@id\":\"http:\/\/www.grazioliangelo.it\/de\/#organization\"},\"potentialAction\":[{\"@type\":\"SearchAction\",\"target\":{\"@type\":\"EntryPoint\",\"urlTemplate\":\"http:\/\/www.grazioliangelo.it\/de\/?s={search_term_string}\"},\"query-input\":\"required name=search_term_string\"}],\"inLanguage\":\"de\"},{\"@type\":\"WebPage\",\"@id\":\"https:\/\/www.grazioliangelo.it\/de\/dienstleistungen\/#webpage\",\"url\":\"https:\/\/www.grazioliangelo.it\/de\/dienstleistungen\/\",\"name\":\"Dienstleistungen - Grazioli Angelo &amp; Fratelli Srl\",\"isPartOf\":{\"@id\":\"http:\/\/www.grazioliangelo.it\/de\/#website\"},\"datePublished\":\"2021-07-02T13:42:41+00:00\",\"dateModified\":\"2022-07-07T14:17:25+00:00\",\"description\":\"Unsere Dienstleistungen sind die Herstellung von Produkten aus Rohmaterial in Stangenform oder warmgewalzt unter Verwendung von Baust\\u00e4hlen...\",\"breadcrumb\":{\"@id\":\"https:\/\/www.grazioliangelo.it\/de\/dienstleistungen\/#breadcrumb\"},\"inLanguage\":\"de\",\"potentialAction\":[{\"@type\":\"ReadAction\",\"target\":[\"https:\/\/www.grazioliangelo.it\/de\/dienstleistungen\/\"]}]},{\"@type\":\"BreadcrumbList\",\"@id\":\"https:\/\/www.grazioliangelo.it\/de\/dienstleistungen\/#breadcrumb\",\"itemListElement\":[{\"@type\":\"ListItem\",\"position\":1,\"name\":\"Home\",\"item\":\"https:\/\/www.grazioliangelo.it\/de\/\"},{\"@type\":\"ListItem\",\"position\":2,\"name\":\"Dienstleistungen\"}]}]}<\/script>\n<!-- \/ Yoast SEO plugin. -->","yoast_head_json":{"title":"Dienstleistungen - Grazioli Angelo &amp; Fratelli Srl","description":"Unsere Dienstleistungen sind die Herstellung von Produkten aus Rohmaterial in Stangenform oder warmgewalzt unter Verwendung von Baust\u00e4hlen...","robots":{"index":"index","follow":"follow","max-snippet":"max-snippet:-1","max-image-preview":"max-image-preview:large","max-video-preview":"max-video-preview:-1"},"canonical":"https:\/\/www.grazioliangelo.it\/de\/dienstleistungen\/","og_locale":"de_DE","og_type":"article","og_title":"Dienstleistungen - Grazioli Angelo &amp; Fratelli Srl","og_description":"Unsere Dienstleistungen sind die Herstellung von Produkten aus Rohmaterial in Stangenform oder warmgewalzt unter Verwendung von Baust\u00e4hlen...","og_url":"https:\/\/www.grazioliangelo.it\/de\/dienstleistungen\/","og_site_name":"Grazioli Angelo &amp; Fratelli Srl","article_modified_time":"2022-07-07T14:17:25+00:00","twitter_card":"summary_large_image","twitter_misc":{"Gesch\u00e4tzte Lesezeit":"2\u00a0Minuten"},"schema":{"@context":"https:\/\/schema.org","@graph":[{"@type":"Organization","@id":"http:\/\/www.grazioliangelo.it\/de\/#organization","name":"Grazioli Angelo & Fratelli Srl","url":"http:\/\/www.grazioliangelo.it\/de\/","sameAs":[],"logo":{"@type":"ImageObject","@id":"http:\/\/www.grazioliangelo.it\/de\/#logo","inLanguage":"de","url":"https:\/\/www.grazioliangelo.it\/wp-content\/uploads\/2021\/09\/fratelligrazioli.jpg","contentUrl":"https:\/\/www.grazioliangelo.it\/wp-content\/uploads\/2021\/09\/fratelligrazioli.jpg","width":311,"height":311,"caption":"Grazioli Angelo & Fratelli Srl"},"image":{"@id":"http:\/\/www.grazioliangelo.it\/de\/#logo"}},{"@type":"WebSite","@id":"http:\/\/www.grazioliangelo.it\/de\/#website","url":"http:\/\/www.grazioliangelo.it\/de\/","name":"Grazioli Angelo &amp; Fratelli Srl","description":"","publisher":{"@id":"http:\/\/www.grazioliangelo.it\/de\/#organization"},"potentialAction":[{"@type":"SearchAction","target":{"@type":"EntryPoint","urlTemplate":"http:\/\/www.grazioliangelo.it\/de\/?s={search_term_string}"},"query-input":"required name=search_term_string"}],"inLanguage":"de"},{"@type":"WebPage","@id":"https:\/\/www.grazioliangelo.it\/de\/dienstleistungen\/#webpage","url":"https:\/\/www.grazioliangelo.it\/de\/dienstleistungen\/","name":"Dienstleistungen - Grazioli Angelo &amp; Fratelli Srl","isPartOf":{"@id":"http:\/\/www.grazioliangelo.it\/de\/#website"},"datePublished":"2021-07-02T13:42:41+00:00","dateModified":"2022-07-07T14:17:25+00:00","description":"Unsere Dienstleistungen sind die Herstellung von Produkten aus Rohmaterial in Stangenform oder warmgewalzt unter Verwendung von Baust\u00e4hlen...","breadcrumb":{"@id":"https:\/\/www.grazioliangelo.it\/de\/dienstleistungen\/#breadcrumb"},"inLanguage":"de","potentialAction":[{"@type":"ReadAction","target":["https:\/\/www.grazioliangelo.it\/de\/dienstleistungen\/"]}]},{"@type":"BreadcrumbList","@id":"https:\/\/www.grazioliangelo.it\/de\/dienstleistungen\/#breadcrumb","itemListElement":[{"@type":"ListItem","position":1,"name":"Home","item":"https:\/\/www.grazioliangelo.it\/de\/"},{"@type":"ListItem","position":2,"name":"Dienstleistungen"}]}]}},"_links":{"self":[{"href":"https:\/\/www.grazioliangelo.it\/de\/wp-json\/wp\/v2\/pages\/2516","targetHints":{"allow":["GET"]}}],"collection":[{"href":"https:\/\/www.grazioliangelo.it\/de\/wp-json\/wp\/v2\/pages"}],"about":[{"href":"https:\/\/www.grazioliangelo.it\/de\/wp-json\/wp\/v2\/types\/page"}],"author":[{"embeddable":true,"href":"https:\/\/www.grazioliangelo.it\/de\/wp-json\/wp\/v2\/users\/1"}],"replies":[{"embeddable":true,"href":"https:\/\/www.grazioliangelo.it\/de\/wp-json\/wp\/v2\/comments?post=2516"}],"version-history":[{"count":12,"href":"https:\/\/www.grazioliangelo.it\/de\/wp-json\/wp\/v2\/pages\/2516\/revisions"}],"predecessor-version":[{"id":3161,"href":"https:\/\/www.grazioliangelo.it\/de\/wp-json\/wp\/v2\/pages\/2516\/revisions\/3161"}],"wp:attachment":[{"href":"https:\/\/www.grazioliangelo.it\/de\/wp-json\/wp\/v2\/media?parent=2516"}],"curies":[{"name":"wp","href":"https:\/\/api.w.org\/{rel}","templated":true}]}}