{"id":2532,"date":"2021-06-28T14:58:17","date_gmt":"2021-06-28T12:58:17","guid":{"rendered":"http:\/\/www.grazioliangelo.it\/prodotti\/"},"modified":"2022-07-07T16:09:11","modified_gmt":"2022-07-07T14:09:11","slug":"produkte","status":"publish","type":"page","link":"https:\/\/www.grazioliangelo.it\/de\/produkte\/","title":{"rendered":"Produkte"},"content":{"rendered":"<div class=\"wpb-content-wrapper\"><p>[vc_row][vc_column][vc_raw_html]JTNDc3R5bGUlM0Vib2R5JTdCY29sb3IlM0ElMjAlMjMwMDAlM0IlN0RzZWN0aW9uJTIwJTdCYmFja2dyb3VuZCUzQSUyMCUyM2ZmZiUzQiU3RCUzQyUyRnN0eWxlJTNF[\/vc_raw_html][\/vc_column][\/vc_row][vc_row css=&#8221;.vc_custom_1624540229136{background-color: #ffffff !important;}&#8221;][vc_column]\n\t<!-- Element: OT Heading --> \t \n\t<h2 class=\"ot_custom_heading  \" style=\"color: #003a68;\" >Unsere Produkte<\/h2>\t\n[vc_column_text]<\/p>\n<p style=\"text-align: justify;\">Das Unternehmen besch\u00e4ftigt sich mit der Herstellung von Getriebestangen, Wellen, Satellitenhalterungsstiften, kleinen geschwei\u00dften Baugruppen, gestanzten Formteilen oder kleine Gussteile f\u00fcr Motoren, Schaltgetriebe und Achsen f\u00fcr Traktoren, Erdbewegungsmaschinen und Industriefahrzeuge.<\/p>\n<p>[\/vc_column_text][\/vc_column][\/vc_row][vc_row css=&#8221;.vc_custom_1624540229136{background-color: #ffffff !important;}&#8221;][vc_column width=&#8221;1\/2&#8243;]\n\t<!-- Element: OT Heading --> \t \n\t<h4 class=\"ot_custom_heading  \" style=\"color: #003a68;\" >Getriebestangen<\/h4>\t\n[vc_column_text]<\/p>\n<p style=\"text-align: justify;\">Sie werden aus C45\/42CrMo4 (geh\u00e4rteter Stahl) unter Anwendung der W\u00e4rmebehandlung des Induktionsh\u00e4rtens hergestellt. Die Produktionspalette reicht von einem Durchmesser von \u00d8 10 bis \u00d8 35 und einer L\u00e4nge von 40 mm bis 800 mm.<\/p>\n<p>[\/vc_column_text][vc_images_carousel images=&#8221;3042,3045,3048,3051,3054,3057,3060,3063,3066&#8243; img_size=&#8221;560&#215;367&#8243;][vc_row_inner][vc_column_inner offset=&#8221;vc_hidden-lg vc_hidden-md&#8221;]\t<!-- Element: OT Line solid --> \t \n\t<div class=\"line-dark separator \"><span><i class=\"fa fa-circle\"><\/i><\/span><\/div>\n\t<div class=\"spacer-single\"><\/div>\t      \n[\/vc_column_inner][\/vc_row_inner][vc_empty_space height=&#8221;21px&#8221;][\/vc_column][vc_column width=&#8221;1\/2&#8243;]\n\t<!-- Element: OT Heading --> \t \n\t<h4 class=\"ot_custom_heading  \" style=\"color: #003a68;\" >Satellitenhalterungsstifte<\/h4>\t\n[vc_column_text]<\/p>\n<p style=\"text-align: justify;\">Sie werden aus 16 Mncr5\/18NiCrMo5 (Einsatzstahl) durch Einsatzh\u00e4rtung oder Nitrierung hergestellt. Die Produktionspalette reicht von einem Durchmesser von \u00d8 14 bis \u00d8 80 und von einer L\u00e4nge von 40 mm bis 400 mm.<\/p>\n<p>[\/vc_column_text][vc_images_carousel images=&#8221;3070,3073,3076,3079,3082,3085,3088,3091,3094&#8243; img_size=&#8221;560&#215;367&#8243;][vc_row_inner][vc_column_inner offset=&#8221;vc_hidden-lg vc_hidden-md&#8221;]\t<!-- Element: OT Line solid --> \t \n\t<div class=\"line-dark separator \"><span><i class=\"fa fa-circle\"><\/i><\/span><\/div>\n\t<div class=\"spacer-single\"><\/div>\t      \n[\/vc_column_inner][\/vc_row_inner][vc_empty_space height=&#8221;21px&#8221;][\/vc_column][\/vc_row][vc_row css=&#8221;.vc_custom_1625219090233{background-color: #ffffff !important;}&#8221;][vc_column offset=&#8221;vc_hidden-sm vc_hidden-xs&#8221;]\t<!-- Element: OT Line solid --> \t \n\t<div class=\"line-dark separator \"><span><i class=\"fa fa-circle\"><\/i><\/span><\/div>\n\t<div class=\"spacer-single\"><\/div>\t      \n[\/vc_column][\/vc_row][vc_row css=&#8221;.vc_custom_1624540229136{background-color: #ffffff !important;}&#8221;][vc_column width=&#8221;1\/2&#8243;]\n\t<!-- Element: OT Heading --> \t \n\t<h4 class=\"ot_custom_heading  \" style=\"color: #003a68;\" >Kleine geschwei\u00dfte Baugruppen<\/h4>\t\n[vc_column_text]<\/p>\n<p style=\"text-align: justify;\">Kleine geschwei\u00dfte Baugruppen werden aus verg\u00fctetem C40-Stahl und gestanzten Teilen aus Baustahl hergestellt. Die Produktionspalette reicht von einem Durchmesser von \u00d8 10 bis \u00d8 35 und von einer L\u00e4nge von 80 mm bis 500 mm.<\/p>\n<p>[\/vc_column_text][vc_images_carousel images=&#8221;2572,2581,3098,3101,3104,3107,3110,3113,3116&#8243; img_size=&#8221;560&#215;367&#8243;][vc_row_inner][vc_column_inner offset=&#8221;vc_hidden-lg vc_hidden-md&#8221;]\t<!-- Element: OT Line solid --> \t \n\t<div class=\"line-dark separator \"><span><i class=\"fa fa-circle\"><\/i><\/span><\/div>\n\t<div class=\"spacer-single\"><\/div>\t      \n[\/vc_column_inner][\/vc_row_inner][vc_empty_space height=&#8221;21px&#8221;][\/vc_column][vc_column width=&#8221;1\/2&#8243;]\n\t<!-- Element: OT Heading --> \t \n\t<h4 class=\"ot_custom_heading  \" style=\"color: #003a68;\" >Formteile und Abstandshalter<\/h4>\t\n[vc_column_text]<\/p>\n<p style=\"text-align: justify;\">Die Formteile und Abstandshalter sind aus geh\u00e4rtetem und verg\u00fctetem Baustahl gefertigt. Die Produktionspalette reicht von \u00d8 30 bis \u00d8 150 und von einer L\u00e4nge von 40 mm bis 400 mm.<\/p>\n<p>[\/vc_column_text][vc_images_carousel images=&#8221;2551,2552,2553,2554,2555,2556,2557,2558,2559,2560&#8243; img_size=&#8221;560&#215;367&#8243;][vc_row_inner][vc_column_inner offset=&#8221;vc_hidden-lg vc_hidden-md&#8221;]\t<!-- Element: OT Line solid --> \t \n\t<div class=\"line-dark separator \"><span><i class=\"fa fa-circle\"><\/i><\/span><\/div>\n\t<div class=\"spacer-single\"><\/div>\t      \n[\/vc_column_inner][\/vc_row_inner][vc_empty_space height=&#8221;21px&#8221;][\/vc_column][\/vc_row][vc_row css=&#8221;.vc_custom_1625219081927{background-color: #ffffff !important;}&#8221;][vc_column offset=&#8221;vc_hidden-sm vc_hidden-xs&#8221;]\t<!-- Element: OT Line solid --> \t \n\t<div class=\"line-dark separator \"><span><i class=\"fa fa-circle\"><\/i><\/span><\/div>\n\t<div class=\"spacer-single\"><\/div>\t      \n[\/vc_column][\/vc_row][vc_row css=&#8221;.vc_custom_1624540229136{background-color: #ffffff !important;}&#8221;][vc_column width=&#8221;1\/2&#8243;]\n\t<!-- Element: OT Heading --> \t \n\t<h4 class=\"ot_custom_heading  \" style=\"color: #003a68;\" >Wellen<\/h4>\t\n[vc_column_text]<\/p>\n<p style=\"text-align: justify;\">Die Wellen werden aus H\u00e4rte- oder Verg\u00fctungsst\u00e4hlen und Einsatzst\u00e4hlen hergestellt. Im Falle von Antriebswellen wird das Verzahnen von einem spezialisierten Zulieferer durchgef\u00fchrt, wobei die Werkst\u00fccke einer Einsatz- oder Induktionsh\u00e4rtung unterzogen werden. Die Produktionspalette reicht von einem Durchmesser von \u00d8 20 bis \u00d8 100 und einer L\u00e4nge von 100 mm bis 700 mm.<\/p>\n<p>[\/vc_column_text][vc_images_carousel images=&#8221;3120,3123,3126,3129,3132,3135,3138,3141,3144&#8243; img_size=&#8221;560&#215;367&#8243;][vc_row_inner][vc_column_inner offset=&#8221;vc_hidden-lg vc_hidden-md&#8221;]\t<!-- Element: OT Line solid --> \t \n\t<div class=\"line-dark separator \"><span><i class=\"fa fa-circle\"><\/i><\/span><\/div>\n\t<div class=\"spacer-single\"><\/div>\t      \n[\/vc_column_inner][\/vc_row_inner][vc_empty_space height=&#8221;21px&#8221;][\/vc_column][vc_column width=&#8221;1\/2&#8243;]\n\t<!-- Element: OT Heading --> \t \n\t<h4 class=\"ot_custom_heading  \" style=\"color: #003a68;\" >Gabeln<\/h4>\t\n[vc_column_text]<\/p>\n<p style=\"text-align: justify;\">Die Gabeln werden aus induktionsgeh\u00e4rtetem Baustahl hergestellt.<\/p>\n<p>[\/vc_column_text][vc_empty_space height=&#8221;93px&#8221;][vc_images_carousel images=&#8221;2570,2569,2568,3150,3147&#8243; img_size=&#8221;560&#215;367&#8243;][vc_row_inner][vc_column_inner offset=&#8221;vc_hidden-lg vc_hidden-md&#8221;]\t<!-- Element: OT Line solid --> \t \n\t<div class=\"line-dark separator \"><span><i class=\"fa fa-circle\"><\/i><\/span><\/div>\n\t<div class=\"spacer-single\"><\/div>\t      \n[\/vc_column_inner][\/vc_row_inner][vc_empty_space height=&#8221;21px&#8221;][\/vc_column][\/vc_row]<\/p>\n<\/div>","protected":false},"excerpt":{"rendered":"<p>[vc_row][vc_column][vc_raw_html]JTNDc3R5bGUlM0Vib2R5JTdCY29sb3IlM0ElMjAlMjMwMDAlM0IlN0RzZWN0aW9uJTIwJTdCYmFja2dyb3VuZCUzQSUyMCUyM2ZmZiUzQiU3RCUzQyUyRnN0eWxlJTNF[\/vc_raw_html][\/vc_column][\/vc_row][vc_row css=&#8221;.vc_custom_1624540229136{background-color: #ffffff !important;}&#8221;][vc_column][vc_column_text] Das Unternehmen besch\u00e4ftigt sich mit der Herstellung von Getriebestangen, Wellen, Satellitenhalterungsstiften, kleinen geschwei\u00dften Baugruppen, gestanzten Formteilen oder kleine Gussteile f\u00fcr Motoren, Schaltgetriebe und Achsen f\u00fcr Traktoren, Erdbewegungsmaschinen und Industriefahrzeuge. [\/vc_column_text][\/vc_column][\/vc_row][vc_row css=&#8221;.vc_custom_1624540229136{background-color: #ffffff !important;}&#8221;][vc_column width=&#8221;1\/2&#8243;][vc_column_text] Sie werden aus C45\/42CrMo4 (geh\u00e4rteter Stahl) unter Anwendung der W\u00e4rmebehandlung des Induktionsh\u00e4rtens hergestellt. Die Produktionspalette reicht von [&hellip;]<\/p>\n","protected":false},"author":1,"featured_media":0,"parent":0,"menu_order":0,"comment_status":"open","ping_status":"open","template":"page-templates\/template-fullwidth.php","meta":{"footnotes":""},"class_list":["post-2532","page","type-page","status-publish","hentry"],"yoast_head":"<!-- This site is optimized with the Yoast SEO plugin v17.2 - https:\/\/yoast.com\/wordpress\/plugins\/seo\/ -->\n<title>Produkte - Grazioli Angelo &amp; Fratelli Srl<\/title>\n<meta name=\"description\" content=\"Das Unternehmen besch\u00e4ftigt sich mit der Produktion von Getriebestangen, Wellen, Satellitenhalterungsstiften, kleinen geschwei\u00dften...\" \/>\n<meta name=\"robots\" content=\"index, follow, max-snippet:-1, max-image-preview:large, max-video-preview:-1\" \/>\n<link rel=\"canonical\" href=\"https:\/\/www.grazioliangelo.it\/de\/produkte\/\" \/>\n<meta property=\"og:locale\" content=\"de_DE\" \/>\n<meta property=\"og:type\" content=\"article\" \/>\n<meta property=\"og:title\" content=\"Produkte - Grazioli Angelo &amp; Fratelli Srl\" \/>\n<meta property=\"og:description\" content=\"Das Unternehmen besch\u00e4ftigt sich mit der Produktion von Getriebestangen, Wellen, Satellitenhalterungsstiften, kleinen geschwei\u00dften...\" \/>\n<meta property=\"og:url\" content=\"https:\/\/www.grazioliangelo.it\/de\/produkte\/\" \/>\n<meta property=\"og:site_name\" content=\"Grazioli Angelo &amp; Fratelli Srl\" \/>\n<meta property=\"article:modified_time\" content=\"2022-07-07T14:09:11+00:00\" \/>\n<meta name=\"twitter:card\" content=\"summary_large_image\" \/>\n<meta name=\"twitter:label1\" content=\"Gesch\u00e4tzte Lesezeit\" \/>\n\t<meta name=\"twitter:data1\" content=\"3\u00a0Minuten\" \/>\n<script type=\"application\/ld+json\" class=\"yoast-schema-graph\">{\"@context\":\"https:\/\/schema.org\",\"@graph\":[{\"@type\":\"Organization\",\"@id\":\"http:\/\/www.grazioliangelo.it\/de\/#organization\",\"name\":\"Grazioli Angelo & Fratelli Srl\",\"url\":\"http:\/\/www.grazioliangelo.it\/de\/\",\"sameAs\":[],\"logo\":{\"@type\":\"ImageObject\",\"@id\":\"http:\/\/www.grazioliangelo.it\/de\/#logo\",\"inLanguage\":\"de\",\"url\":\"https:\/\/www.grazioliangelo.it\/wp-content\/uploads\/2021\/09\/fratelligrazioli.jpg\",\"contentUrl\":\"https:\/\/www.grazioliangelo.it\/wp-content\/uploads\/2021\/09\/fratelligrazioli.jpg\",\"width\":311,\"height\":311,\"caption\":\"Grazioli Angelo & Fratelli Srl\"},\"image\":{\"@id\":\"http:\/\/www.grazioliangelo.it\/de\/#logo\"}},{\"@type\":\"WebSite\",\"@id\":\"http:\/\/www.grazioliangelo.it\/de\/#website\",\"url\":\"http:\/\/www.grazioliangelo.it\/de\/\",\"name\":\"Grazioli Angelo &amp; Fratelli Srl\",\"description\":\"\",\"publisher\":{\"@id\":\"http:\/\/www.grazioliangelo.it\/de\/#organization\"},\"potentialAction\":[{\"@type\":\"SearchAction\",\"target\":{\"@type\":\"EntryPoint\",\"urlTemplate\":\"http:\/\/www.grazioliangelo.it\/de\/?s={search_term_string}\"},\"query-input\":\"required name=search_term_string\"}],\"inLanguage\":\"de\"},{\"@type\":\"WebPage\",\"@id\":\"https:\/\/www.grazioliangelo.it\/de\/produkte\/#webpage\",\"url\":\"https:\/\/www.grazioliangelo.it\/de\/produkte\/\",\"name\":\"Produkte - Grazioli Angelo &amp; Fratelli Srl\",\"isPartOf\":{\"@id\":\"http:\/\/www.grazioliangelo.it\/de\/#website\"},\"datePublished\":\"2021-06-28T12:58:17+00:00\",\"dateModified\":\"2022-07-07T14:09:11+00:00\",\"description\":\"Das Unternehmen besch\\u00e4ftigt sich mit der Produktion von Getriebestangen, Wellen, Satellitenhalterungsstiften, kleinen geschwei\\u00dften...\",\"breadcrumb\":{\"@id\":\"https:\/\/www.grazioliangelo.it\/de\/produkte\/#breadcrumb\"},\"inLanguage\":\"de\",\"potentialAction\":[{\"@type\":\"ReadAction\",\"target\":[\"https:\/\/www.grazioliangelo.it\/de\/produkte\/\"]}]},{\"@type\":\"BreadcrumbList\",\"@id\":\"https:\/\/www.grazioliangelo.it\/de\/produkte\/#breadcrumb\",\"itemListElement\":[{\"@type\":\"ListItem\",\"position\":1,\"name\":\"Home\",\"item\":\"https:\/\/www.grazioliangelo.it\/de\/\"},{\"@type\":\"ListItem\",\"position\":2,\"name\":\"Produkte\"}]}]}<\/script>\n<!-- \/ Yoast SEO plugin. -->","yoast_head_json":{"title":"Produkte - Grazioli Angelo &amp; Fratelli Srl","description":"Das Unternehmen besch\u00e4ftigt sich mit der Produktion von Getriebestangen, Wellen, Satellitenhalterungsstiften, kleinen geschwei\u00dften...","robots":{"index":"index","follow":"follow","max-snippet":"max-snippet:-1","max-image-preview":"max-image-preview:large","max-video-preview":"max-video-preview:-1"},"canonical":"https:\/\/www.grazioliangelo.it\/de\/produkte\/","og_locale":"de_DE","og_type":"article","og_title":"Produkte - Grazioli Angelo &amp; Fratelli Srl","og_description":"Das Unternehmen besch\u00e4ftigt sich mit der Produktion von Getriebestangen, Wellen, Satellitenhalterungsstiften, kleinen geschwei\u00dften...","og_url":"https:\/\/www.grazioliangelo.it\/de\/produkte\/","og_site_name":"Grazioli Angelo &amp; Fratelli Srl","article_modified_time":"2022-07-07T14:09:11+00:00","twitter_card":"summary_large_image","twitter_misc":{"Gesch\u00e4tzte Lesezeit":"3\u00a0Minuten"},"schema":{"@context":"https:\/\/schema.org","@graph":[{"@type":"Organization","@id":"http:\/\/www.grazioliangelo.it\/de\/#organization","name":"Grazioli Angelo & Fratelli Srl","url":"http:\/\/www.grazioliangelo.it\/de\/","sameAs":[],"logo":{"@type":"ImageObject","@id":"http:\/\/www.grazioliangelo.it\/de\/#logo","inLanguage":"de","url":"https:\/\/www.grazioliangelo.it\/wp-content\/uploads\/2021\/09\/fratelligrazioli.jpg","contentUrl":"https:\/\/www.grazioliangelo.it\/wp-content\/uploads\/2021\/09\/fratelligrazioli.jpg","width":311,"height":311,"caption":"Grazioli Angelo & Fratelli Srl"},"image":{"@id":"http:\/\/www.grazioliangelo.it\/de\/#logo"}},{"@type":"WebSite","@id":"http:\/\/www.grazioliangelo.it\/de\/#website","url":"http:\/\/www.grazioliangelo.it\/de\/","name":"Grazioli Angelo &amp; Fratelli Srl","description":"","publisher":{"@id":"http:\/\/www.grazioliangelo.it\/de\/#organization"},"potentialAction":[{"@type":"SearchAction","target":{"@type":"EntryPoint","urlTemplate":"http:\/\/www.grazioliangelo.it\/de\/?s={search_term_string}"},"query-input":"required name=search_term_string"}],"inLanguage":"de"},{"@type":"WebPage","@id":"https:\/\/www.grazioliangelo.it\/de\/produkte\/#webpage","url":"https:\/\/www.grazioliangelo.it\/de\/produkte\/","name":"Produkte - Grazioli Angelo &amp; Fratelli Srl","isPartOf":{"@id":"http:\/\/www.grazioliangelo.it\/de\/#website"},"datePublished":"2021-06-28T12:58:17+00:00","dateModified":"2022-07-07T14:09:11+00:00","description":"Das Unternehmen besch\u00e4ftigt sich mit der Produktion von Getriebestangen, Wellen, Satellitenhalterungsstiften, kleinen geschwei\u00dften...","breadcrumb":{"@id":"https:\/\/www.grazioliangelo.it\/de\/produkte\/#breadcrumb"},"inLanguage":"de","potentialAction":[{"@type":"ReadAction","target":["https:\/\/www.grazioliangelo.it\/de\/produkte\/"]}]},{"@type":"BreadcrumbList","@id":"https:\/\/www.grazioliangelo.it\/de\/produkte\/#breadcrumb","itemListElement":[{"@type":"ListItem","position":1,"name":"Home","item":"https:\/\/www.grazioliangelo.it\/de\/"},{"@type":"ListItem","position":2,"name":"Produkte"}]}]}},"_links":{"self":[{"href":"https:\/\/www.grazioliangelo.it\/de\/wp-json\/wp\/v2\/pages\/2532","targetHints":{"allow":["GET"]}}],"collection":[{"href":"https:\/\/www.grazioliangelo.it\/de\/wp-json\/wp\/v2\/pages"}],"about":[{"href":"https:\/\/www.grazioliangelo.it\/de\/wp-json\/wp\/v2\/types\/page"}],"author":[{"embeddable":true,"href":"https:\/\/www.grazioliangelo.it\/de\/wp-json\/wp\/v2\/users\/1"}],"replies":[{"embeddable":true,"href":"https:\/\/www.grazioliangelo.it\/de\/wp-json\/wp\/v2\/comments?post=2532"}],"version-history":[{"count":11,"href":"https:\/\/www.grazioliangelo.it\/de\/wp-json\/wp\/v2\/pages\/2532\/revisions"}],"predecessor-version":[{"id":3160,"href":"https:\/\/www.grazioliangelo.it\/de\/wp-json\/wp\/v2\/pages\/2532\/revisions\/3160"}],"wp:attachment":[{"href":"https:\/\/www.grazioliangelo.it\/de\/wp-json\/wp\/v2\/media?parent=2532"}],"curies":[{"name":"wp","href":"https:\/\/api.w.org\/{rel}","templated":true}]}}