{"id":2586,"date":"2021-06-28T15:30:48","date_gmt":"2021-06-28T13:30:48","guid":{"rendered":"http:\/\/www.grazioliangelo.it\/i-nostri-reparti-produttivi\/"},"modified":"2022-07-08T12:51:04","modified_gmt":"2022-07-08T10:51:04","slug":"fertigungsabteilungen","status":"publish","type":"page","link":"https:\/\/www.grazioliangelo.it\/de\/fertigungsabteilungen\/","title":{"rendered":"Fertigungsabteilungen"},"content":{"rendered":"<div class=\"wpb-content-wrapper\"><p>[vc_row][vc_column][vc_raw_html]JTNDc3R5bGUlM0Vib2R5JTdCY29sb3IlM0ElMjAlMjMwMDAlM0IlN0RzZWN0aW9uJTIwJTdCYmFja2dyb3VuZCUzQSUyMCUyM2ZmZiUzQiU3RCUzQyUyRnN0eWxlJTNF[\/vc_raw_html][\/vc_column][\/vc_row][vc_row css=&#8221;.vc_custom_1625221853591{background-color: #ffffff !important;}&#8221;][vc_column]\n\t<!-- Element: OT Heading --> \t \n\t<h2 class=\"ot_custom_heading  \" style=\"color: #003a68;\" >Unsere Fertigungsabteilungen<\/h2>\t\n[\/vc_column][\/vc_row][vc_row css=&#8221;.vc_custom_1624540229136{background-color: #ffffff !important;}&#8221;][vc_column width=&#8221;1\/2&#8243;]\n\t<!-- Element: OT Heading --> \t \n\t<h4 class=\"ot_custom_heading  \" style=\"color: #003a68;\" >Schneiden - Nr. 7 Anlagen<\/h4>\t\n[vc_column_text]Das Schneiden des Stangenmaterials erfolgt mit Hilfe von Schneid-, Transfer- und Drehmaschinen mit einem Durchmesser von \u00d8 6 mm bis \u00d8 80 mm und einer L\u00e4nge von 30 mm bis 2000 mm.[\/vc_column_text][vc_images_carousel images=&#8221;2588,2628,2629,2630&#8243; img_size=&#8221;560&#215;367&#8243;][vc_row_inner][vc_column_inner offset=&#8221;vc_hidden-lg vc_hidden-md&#8221;]\t<!-- Element: OT Line solid --> \t \n\t<div class=\"line-dark separator \"><span><i class=\"fa fa-circle\"><\/i><\/span><\/div>\n\t<div class=\"spacer-single\"><\/div>\t      \n[\/vc_column_inner][\/vc_row_inner][vc_empty_space height=&#8221;21px&#8221;][\/vc_column][vc_column width=&#8221;1\/2&#8243;]\n\t<!-- Element: OT Heading --> \t \n\t<h4 class=\"ot_custom_heading  \" style=\"color: #003a68;\" >Fr\u00e4sen - Nr. 14 Bearbeitungszentren<\/h4>\t\n[vc_column_text]Das Fr\u00e4sen und Bohren von Komponenten wird mit vertikalen Bearbeitungsstationen, Transfer- und CNC-Fr\u00e4smaschinen durchgef\u00fchrt.[\/vc_column_text][vc_images_carousel images=&#8221;2631,2632,2633,2634&#8243; img_size=&#8221;560&#215;367&#8243;][vc_row_inner][vc_column_inner offset=&#8221;vc_hidden-lg vc_hidden-md&#8221;]\t<!-- Element: OT Line solid --> \t \n\t<div class=\"line-dark separator \"><span><i class=\"fa fa-circle\"><\/i><\/span><\/div>\n\t<div class=\"spacer-single\"><\/div>\t      \n[\/vc_column_inner][\/vc_row_inner][vc_empty_space height=&#8221;21px&#8221;][\/vc_column][\/vc_row][vc_row css=&#8221;.vc_custom_1625219090233{background-color: #ffffff !important;}&#8221;][vc_column offset=&#8221;vc_hidden-sm vc_hidden-xs&#8221;]\t<!-- Element: OT Line solid --> \t \n\t<div class=\"line-dark separator \"><span><i class=\"fa fa-circle\"><\/i><\/span><\/div>\n\t<div class=\"spacer-single\"><\/div>\t      \n[\/vc_column][\/vc_row][vc_row css=&#8221;.vc_custom_1624540229136{background-color: #ffffff !important;}&#8221;][vc_column width=&#8221;1\/2&#8243;]\n\t<!-- Element: OT Heading --> \t \n\t<h4 class=\"ot_custom_heading  \" style=\"color: #003a68;\" >Drehen - Nr. 13 CNC-Drehmaschinen<\/h4>\t\n[vc_column_text]Das Unternehmen besitzt eine Abteilung f\u00fcr das Drehen von Stangenmaterial, sowohl mit Langdrehautomaten mit beweglichem Spindelkopf als auch mit Drehautomaten mit festem Spindelkopf f\u00fcr die Bearbeitung von Wellen mit Durchmessern von \u00d8 10 bis \u00d8 60 und L\u00e4ngen zwischen 50 mm und 1000 mm, sowie eine Abteilung f\u00fcr das Sekund\u00e4rdrehen zur Bearbeitung von Formteilen oder Rohlingen bis zu einem Durchmesser von \u00d8 150 und einer L\u00e4nge von 300 mm.[\/vc_column_text][vc_images_carousel images=&#8221;2635,2636,2637,2638&#8243; img_size=&#8221;560&#215;367&#8243;][vc_row_inner][vc_column_inner offset=&#8221;vc_hidden-lg vc_hidden-md&#8221;]\t<!-- Element: OT Line solid --> \t \n\t<div class=\"line-dark separator \"><span><i class=\"fa fa-circle\"><\/i><\/span><\/div>\n\t<div class=\"spacer-single\"><\/div>\t      \n[\/vc_column_inner][\/vc_row_inner][vc_empty_space height=&#8221;21px&#8221;][\/vc_column][vc_column width=&#8221;1\/2&#8243;]\n\t<!-- Element: OT Heading --> \t \n\t<h4 class=\"ot_custom_heading  \" style=\"color: #003a68;\" >Induktionsh\u00e4rten - Nr. 6 Anlagen<\/h4>\t\n[vc_column_text]Das Hoch- und Mittelfrequenz-Induktionsh\u00e4rten wird intern auf Anlagen von 35 bis 100 KW an Werkst\u00fccken mit einem Durchmesser von \u00d8 8 bis \u00d8 80 und einer maximalen L\u00e4nge von 1 m durchgef\u00fchrt.[\/vc_column_text][vc_empty_space height=&#8221;46px&#8221;][vc_images_carousel images=&#8221;2639,2640,2641,2642&#8243; img_size=&#8221;560&#215;367&#8243;][vc_row_inner][vc_column_inner offset=&#8221;vc_hidden-lg vc_hidden-md&#8221;]\t<!-- Element: OT Line solid --> \t \n\t<div class=\"line-dark separator \"><span><i class=\"fa fa-circle\"><\/i><\/span><\/div>\n\t<div class=\"spacer-single\"><\/div>\t      \n[\/vc_column_inner][\/vc_row_inner][vc_empty_space height=&#8221;21px&#8221;][\/vc_column][\/vc_row][vc_row css=&#8221;.vc_custom_1625219081927{background-color: #ffffff !important;}&#8221;][vc_column offset=&#8221;vc_hidden-sm vc_hidden-xs&#8221;]\t<!-- Element: OT Line solid --> \t \n\t<div class=\"line-dark separator \"><span><i class=\"fa fa-circle\"><\/i><\/span><\/div>\n\t<div class=\"spacer-single\"><\/div>\t      \n[\/vc_column][\/vc_row][vc_row css=&#8221;.vc_custom_1624540229136{background-color: #ffffff !important;}&#8221;][vc_column width=&#8221;1\/2&#8243;]\n\t<!-- Element: OT Heading --> \t \n\t<h4 class=\"ot_custom_heading  \" style=\"color: #003a68;\" >Schleifen - Nr. 10 Centerless<\/h4>\t\n[vc_column_text]Normalerweise erfolgt die Endbearbeitung unserer Werkst\u00fccke durch Schleifen der Au\u00dfendurchmesser auf spitzenlosen Schleifmaschinen mit manueller und\/oder automatischer Beladung.[\/vc_column_text][vc_images_carousel images=&#8221;2643,2644,2645,2646,2647&#8243; img_size=&#8221;560&#215;367&#8243;][vc_row_inner][vc_column_inner offset=&#8221;vc_hidden-lg vc_hidden-md&#8221;]\t<!-- Element: OT Line solid --> \t \n\t<div class=\"line-dark separator \"><span><i class=\"fa fa-circle\"><\/i><\/span><\/div>\n\t<div class=\"spacer-single\"><\/div>\t      \n[\/vc_column_inner][\/vc_row_inner][vc_empty_space height=&#8221;21px&#8221;][\/vc_column][vc_column width=&#8221;1\/2&#8243;]\n\t<!-- Element: OT Heading --> \t \n\t<h4 class=\"ot_custom_heading  \" style=\"color: #003a68;\" >Werkzeugbau<\/h4>\t\n[vc_column_text]Die Abteilung Werkzeugbau erm\u00f6glicht die eigene Herstellung von Ausr\u00fcstungen zur Unterst\u00fctzung der Produktion sowie die Herstellung von Prototypen, Kleinserien und Vorserien von neuen Komponenten.[\/vc_column_text][vc_images_carousel images=&#8221;2648,2649,2650,2651,2652&#8243; img_size=&#8221;560&#215;367&#8243;][vc_row_inner][vc_column_inner offset=&#8221;vc_hidden-lg vc_hidden-md&#8221;]\t<!-- Element: OT Line solid --> \t \n\t<div class=\"line-dark separator \"><span><i class=\"fa fa-circle\"><\/i><\/span><\/div>\n\t<div class=\"spacer-single\"><\/div>\t      \n[\/vc_column_inner][\/vc_row_inner][vc_empty_space height=&#8221;21px&#8221;][\/vc_column][\/vc_row][vc_row css=&#8221;.vc_custom_1625219081927{background-color: #ffffff !important;}&#8221;][vc_column offset=&#8221;vc_hidden-sm vc_hidden-xs&#8221;]\t<!-- Element: OT Line solid --> \t \n\t<div class=\"line-dark separator \"><span><i class=\"fa fa-circle\"><\/i><\/span><\/div>\n\t<div class=\"spacer-single\"><\/div>\t      \n[\/vc_column][\/vc_row][vc_row css=&#8221;.vc_custom_1624540229136{background-color: #ffffff !important;}&#8221;][vc_column width=&#8221;1\/2&#8243;]\n\t<!-- Element: OT Heading --> \t \n\t<h4 class=\"ot_custom_heading  \" style=\"color: #003a68;\" >Lager, Logistik und Versand<\/h4>\t\n[vc_column_text]Diese Abteilung umfasst das Lager f\u00fcr Rohstoffe, Halbfertig- und Fertigprodukte sowie das Waschen, die Montage, den Schutz, die Verpackung und die Versendung der Produkte.[\/vc_column_text][vc_images_carousel images=&#8221;2653,2654,2655,2656,2657,2658&#8243; img_size=&#8221;560&#215;367&#8243;][vc_row_inner][vc_column_inner offset=&#8221;vc_hidden-lg vc_hidden-md&#8221;]\t<!-- Element: OT Line solid --> \t \n\t<div class=\"line-dark separator \"><span><i class=\"fa fa-circle\"><\/i><\/span><\/div>\n\t<div class=\"spacer-single\"><\/div>\t      \n[\/vc_column_inner][\/vc_row_inner][vc_empty_space height=&#8221;21px&#8221;][\/vc_column][vc_column width=&#8221;1\/2&#8243;]\n\t<!-- Element: OT Heading --> \t \n\t<h4 class=\"ot_custom_heading  \" style=\"color: #003a68;\" >Qualit\u00e4tskontrolle<\/h4>\t\n[vc_column_text]Die Abteilung f\u00fcr Qualit\u00e4tskontrolle besteht aus einem zertifizierten Labor, in dem die Abmessungen, die Oberfl\u00e4che und die Metallurgie der hergestellten Produkte kontrolliert werden.[\/vc_column_text][vc_images_carousel images=&#8221;2659,2660,2661,2662&#8243; img_size=&#8221;560&#215;367&#8243;][vc_row_inner][vc_column_inner offset=&#8221;vc_hidden-lg vc_hidden-md&#8221;]\t<!-- Element: OT Line solid --> \t \n\t<div class=\"line-dark separator \"><span><i class=\"fa fa-circle\"><\/i><\/span><\/div>\n\t<div class=\"spacer-single\"><\/div>\t      \n[\/vc_column_inner][\/vc_row_inner][vc_empty_space height=&#8221;21px&#8221;][\/vc_column][\/vc_row]<\/p>\n<\/div>","protected":false},"excerpt":{"rendered":"<p>[vc_row][vc_column][vc_raw_html]JTNDc3R5bGUlM0Vib2R5JTdCY29sb3IlM0ElMjAlMjMwMDAlM0IlN0RzZWN0aW9uJTIwJTdCYmFja2dyb3VuZCUzQSUyMCUyM2ZmZiUzQiU3RCUzQyUyRnN0eWxlJTNF[\/vc_raw_html][\/vc_column][\/vc_row][vc_row css=&#8221;.vc_custom_1625221853591{background-color: #ffffff !important;}&#8221;][vc_column][\/vc_column][\/vc_row][vc_row css=&#8221;.vc_custom_1624540229136{background-color: #ffffff !important;}&#8221;][vc_column width=&#8221;1\/2&#8243;][vc_column_text]Das Schneiden des Stangenmaterials erfolgt mit Hilfe von Schneid-, Transfer- und Drehmaschinen mit einem Durchmesser von \u00d8 6 mm bis \u00d8 80 mm und einer L\u00e4nge von 30 mm bis 2000 mm.[\/vc_column_text][vc_images_carousel images=&#8221;2588,2628,2629,2630&#8243; img_size=&#8221;560&#215;367&#8243;][vc_row_inner][vc_column_inner offset=&#8221;vc_hidden-lg vc_hidden-md&#8221;][\/vc_column_inner][\/vc_row_inner][vc_empty_space height=&#8221;21px&#8221;][\/vc_column][vc_column width=&#8221;1\/2&#8243;][vc_column_text]Das Fr\u00e4sen und Bohren von Komponenten wird mit vertikalen Bearbeitungsstationen, Transfer- [&hellip;]<\/p>\n","protected":false},"author":1,"featured_media":0,"parent":0,"menu_order":0,"comment_status":"open","ping_status":"open","template":"page-templates\/template-fullwidth.php","meta":{"footnotes":""},"class_list":["post-2586","page","type-page","status-publish","hentry"],"yoast_head":"<!-- This site is optimized with the Yoast SEO plugin v17.2 - https:\/\/yoast.com\/wordpress\/plugins\/seo\/ -->\n<title>Fertigungsabteilungen - Grazioli Angelo &amp; Fratelli Srl<\/title>\n<meta name=\"description\" content=\"Unsere Produktionsabteilungen umfassen: Schneiden, Fr\u00e4sen, Drehen, Qualit\u00e4tskontrolle und vieles mehr. Besuchen Sie die Webseite...\" \/>\n<meta name=\"robots\" content=\"index, follow, max-snippet:-1, max-image-preview:large, max-video-preview:-1\" \/>\n<link rel=\"canonical\" href=\"https:\/\/www.grazioliangelo.it\/de\/fertigungsabteilungen\/\" \/>\n<meta property=\"og:locale\" content=\"de_DE\" \/>\n<meta property=\"og:type\" content=\"article\" \/>\n<meta property=\"og:title\" content=\"Fertigungsabteilungen - Grazioli Angelo &amp; Fratelli Srl\" \/>\n<meta property=\"og:description\" content=\"Unsere Produktionsabteilungen umfassen: Schneiden, Fr\u00e4sen, Drehen, Qualit\u00e4tskontrolle und vieles mehr. Besuchen Sie die Webseite...\" \/>\n<meta property=\"og:url\" content=\"https:\/\/www.grazioliangelo.it\/de\/fertigungsabteilungen\/\" \/>\n<meta property=\"og:site_name\" content=\"Grazioli Angelo &amp; Fratelli Srl\" \/>\n<meta property=\"article:modified_time\" content=\"2022-07-08T10:51:04+00:00\" \/>\n<meta name=\"twitter:card\" content=\"summary_large_image\" \/>\n<meta name=\"twitter:label1\" content=\"Gesch\u00e4tzte Lesezeit\" \/>\n\t<meta name=\"twitter:data1\" content=\"2\u00a0Minuten\" \/>\n<script type=\"application\/ld+json\" class=\"yoast-schema-graph\">{\"@context\":\"https:\/\/schema.org\",\"@graph\":[{\"@type\":\"Organization\",\"@id\":\"http:\/\/www.grazioliangelo.it\/de\/#organization\",\"name\":\"Grazioli Angelo & Fratelli Srl\",\"url\":\"http:\/\/www.grazioliangelo.it\/de\/\",\"sameAs\":[],\"logo\":{\"@type\":\"ImageObject\",\"@id\":\"http:\/\/www.grazioliangelo.it\/de\/#logo\",\"inLanguage\":\"de\",\"url\":\"https:\/\/www.grazioliangelo.it\/wp-content\/uploads\/2021\/09\/fratelligrazioli.jpg\",\"contentUrl\":\"https:\/\/www.grazioliangelo.it\/wp-content\/uploads\/2021\/09\/fratelligrazioli.jpg\",\"width\":311,\"height\":311,\"caption\":\"Grazioli Angelo & Fratelli Srl\"},\"image\":{\"@id\":\"http:\/\/www.grazioliangelo.it\/de\/#logo\"}},{\"@type\":\"WebSite\",\"@id\":\"http:\/\/www.grazioliangelo.it\/de\/#website\",\"url\":\"http:\/\/www.grazioliangelo.it\/de\/\",\"name\":\"Grazioli Angelo &amp; Fratelli Srl\",\"description\":\"\",\"publisher\":{\"@id\":\"http:\/\/www.grazioliangelo.it\/de\/#organization\"},\"potentialAction\":[{\"@type\":\"SearchAction\",\"target\":{\"@type\":\"EntryPoint\",\"urlTemplate\":\"http:\/\/www.grazioliangelo.it\/de\/?s={search_term_string}\"},\"query-input\":\"required name=search_term_string\"}],\"inLanguage\":\"de\"},{\"@type\":\"WebPage\",\"@id\":\"https:\/\/www.grazioliangelo.it\/de\/fertigungsabteilungen\/#webpage\",\"url\":\"https:\/\/www.grazioliangelo.it\/de\/fertigungsabteilungen\/\",\"name\":\"Fertigungsabteilungen - Grazioli Angelo &amp; Fratelli Srl\",\"isPartOf\":{\"@id\":\"http:\/\/www.grazioliangelo.it\/de\/#website\"},\"datePublished\":\"2021-06-28T13:30:48+00:00\",\"dateModified\":\"2022-07-08T10:51:04+00:00\",\"description\":\"Unsere Produktionsabteilungen umfassen: Schneiden, Fr\\u00e4sen, Drehen, Qualit\\u00e4tskontrolle und vieles mehr. Besuchen Sie die Webseite...\",\"breadcrumb\":{\"@id\":\"https:\/\/www.grazioliangelo.it\/de\/fertigungsabteilungen\/#breadcrumb\"},\"inLanguage\":\"de\",\"potentialAction\":[{\"@type\":\"ReadAction\",\"target\":[\"https:\/\/www.grazioliangelo.it\/de\/fertigungsabteilungen\/\"]}]},{\"@type\":\"BreadcrumbList\",\"@id\":\"https:\/\/www.grazioliangelo.it\/de\/fertigungsabteilungen\/#breadcrumb\",\"itemListElement\":[{\"@type\":\"ListItem\",\"position\":1,\"name\":\"Home\",\"item\":\"https:\/\/www.grazioliangelo.it\/de\/\"},{\"@type\":\"ListItem\",\"position\":2,\"name\":\"Fertigungsabteilungen\"}]}]}<\/script>\n<!-- \/ Yoast SEO plugin. -->","yoast_head_json":{"title":"Fertigungsabteilungen - Grazioli Angelo &amp; Fratelli Srl","description":"Unsere Produktionsabteilungen umfassen: Schneiden, Fr\u00e4sen, Drehen, Qualit\u00e4tskontrolle und vieles mehr. Besuchen Sie die Webseite...","robots":{"index":"index","follow":"follow","max-snippet":"max-snippet:-1","max-image-preview":"max-image-preview:large","max-video-preview":"max-video-preview:-1"},"canonical":"https:\/\/www.grazioliangelo.it\/de\/fertigungsabteilungen\/","og_locale":"de_DE","og_type":"article","og_title":"Fertigungsabteilungen - Grazioli Angelo &amp; Fratelli Srl","og_description":"Unsere Produktionsabteilungen umfassen: Schneiden, Fr\u00e4sen, Drehen, Qualit\u00e4tskontrolle und vieles mehr. Besuchen Sie die Webseite...","og_url":"https:\/\/www.grazioliangelo.it\/de\/fertigungsabteilungen\/","og_site_name":"Grazioli Angelo &amp; Fratelli Srl","article_modified_time":"2022-07-08T10:51:04+00:00","twitter_card":"summary_large_image","twitter_misc":{"Gesch\u00e4tzte Lesezeit":"2\u00a0Minuten"},"schema":{"@context":"https:\/\/schema.org","@graph":[{"@type":"Organization","@id":"http:\/\/www.grazioliangelo.it\/de\/#organization","name":"Grazioli Angelo & Fratelli Srl","url":"http:\/\/www.grazioliangelo.it\/de\/","sameAs":[],"logo":{"@type":"ImageObject","@id":"http:\/\/www.grazioliangelo.it\/de\/#logo","inLanguage":"de","url":"https:\/\/www.grazioliangelo.it\/wp-content\/uploads\/2021\/09\/fratelligrazioli.jpg","contentUrl":"https:\/\/www.grazioliangelo.it\/wp-content\/uploads\/2021\/09\/fratelligrazioli.jpg","width":311,"height":311,"caption":"Grazioli Angelo & Fratelli Srl"},"image":{"@id":"http:\/\/www.grazioliangelo.it\/de\/#logo"}},{"@type":"WebSite","@id":"http:\/\/www.grazioliangelo.it\/de\/#website","url":"http:\/\/www.grazioliangelo.it\/de\/","name":"Grazioli Angelo &amp; Fratelli Srl","description":"","publisher":{"@id":"http:\/\/www.grazioliangelo.it\/de\/#organization"},"potentialAction":[{"@type":"SearchAction","target":{"@type":"EntryPoint","urlTemplate":"http:\/\/www.grazioliangelo.it\/de\/?s={search_term_string}"},"query-input":"required name=search_term_string"}],"inLanguage":"de"},{"@type":"WebPage","@id":"https:\/\/www.grazioliangelo.it\/de\/fertigungsabteilungen\/#webpage","url":"https:\/\/www.grazioliangelo.it\/de\/fertigungsabteilungen\/","name":"Fertigungsabteilungen - Grazioli Angelo &amp; Fratelli Srl","isPartOf":{"@id":"http:\/\/www.grazioliangelo.it\/de\/#website"},"datePublished":"2021-06-28T13:30:48+00:00","dateModified":"2022-07-08T10:51:04+00:00","description":"Unsere Produktionsabteilungen umfassen: Schneiden, Fr\u00e4sen, Drehen, Qualit\u00e4tskontrolle und vieles mehr. Besuchen Sie die Webseite...","breadcrumb":{"@id":"https:\/\/www.grazioliangelo.it\/de\/fertigungsabteilungen\/#breadcrumb"},"inLanguage":"de","potentialAction":[{"@type":"ReadAction","target":["https:\/\/www.grazioliangelo.it\/de\/fertigungsabteilungen\/"]}]},{"@type":"BreadcrumbList","@id":"https:\/\/www.grazioliangelo.it\/de\/fertigungsabteilungen\/#breadcrumb","itemListElement":[{"@type":"ListItem","position":1,"name":"Home","item":"https:\/\/www.grazioliangelo.it\/de\/"},{"@type":"ListItem","position":2,"name":"Fertigungsabteilungen"}]}]}},"_links":{"self":[{"href":"https:\/\/www.grazioliangelo.it\/de\/wp-json\/wp\/v2\/pages\/2586","targetHints":{"allow":["GET"]}}],"collection":[{"href":"https:\/\/www.grazioliangelo.it\/de\/wp-json\/wp\/v2\/pages"}],"about":[{"href":"https:\/\/www.grazioliangelo.it\/de\/wp-json\/wp\/v2\/types\/page"}],"author":[{"embeddable":true,"href":"https:\/\/www.grazioliangelo.it\/de\/wp-json\/wp\/v2\/users\/1"}],"replies":[{"embeddable":true,"href":"https:\/\/www.grazioliangelo.it\/de\/wp-json\/wp\/v2\/comments?post=2586"}],"version-history":[{"count":7,"href":"https:\/\/www.grazioliangelo.it\/de\/wp-json\/wp\/v2\/pages\/2586\/revisions"}],"predecessor-version":[{"id":3169,"href":"https:\/\/www.grazioliangelo.it\/de\/wp-json\/wp\/v2\/pages\/2586\/revisions\/3169"}],"wp:attachment":[{"href":"https:\/\/www.grazioliangelo.it\/de\/wp-json\/wp\/v2\/media?parent=2586"}],"curies":[{"name":"wp","href":"https:\/\/api.w.org\/{rel}","templated":true}]}}