{"id":2666,"date":"2021-07-02T15:33:11","date_gmt":"2021-07-02T13:33:11","guid":{"rendered":"http:\/\/www.grazioliangelo.it\/certificazioni\/"},"modified":"2024-05-02T17:24:15","modified_gmt":"2024-05-02T15:24:15","slug":"zertifikate","status":"publish","type":"page","link":"https:\/\/www.grazioliangelo.it\/de\/zertifikate\/","title":{"rendered":"Zertifikate"},"content":{"rendered":"<div class=\"wpb-content-wrapper\"><p>[vc_row][vc_column][vc_raw_html]JTNDc3R5bGUlM0Vib2R5JTdCY29sb3IlM0ElMjAlMjMwMDAlM0IlN0RzZWN0aW9uJTIwJTdCYmFja2dyb3VuZCUzQSUyMCUyM2ZmZiUzQiU3RCUyMGElMkNhJTNBaG92ZXIlN0Jjb2xvciUzQSUyMCUyMzAwM2E2OCUzQnRleHQtZGVjb3JhdGlvbiUzQXVuZGVybGluZSUzQiU3RCUzQyUyRnN0eWxlJTNF[\/vc_raw_html][\/vc_column][\/vc_row][vc_row css=&#8221;.vc_custom_1624540229136{background-color: #ffffff !important;}&#8221;][vc_column][vc_row_inner][vc_column_inner width=&#8221;1\/2&#8243;]\n\t<!-- Element: OT Heading --> \t \n\t<h4 class=\"ot_custom_heading  \" style=\"color: #003a68;\" >Zertifizierungen<br \/>\nUNI EN ISO 9001\/2015:<\/h4>\t\n[vc_column_text]Seit dem Jahr 2000 wurde dem Unternehmen durch die \u201eQuality Management Certification\u201c bescheinigt, dass es die Normen f\u00fcr das Qualit\u00e4tsmanagementsystem im Anwendungsbereich der Pr\u00e4zisionsbearbeitung von Getriebestangen, Satellitenhalterungsstiften und Stifte im Allgemeinen f\u00fcr Traktoren und Industriefahrzeuge erf\u00fcllt (EA: 17)<br \/>\nDie Erteilung dieses Zertifikats best\u00e4tigt das Engagement von Grazioli Angelo &amp; F.lli f\u00fcr die Herstellung eines Qualit\u00e4tsprodukts und die Zufriedenheit der Kunden.<\/p>\n<p><a href=\"https:\/\/www.grazioliangelo.it\/wp-content\/uploads\/2021\/10\/Deu.pdf\" target=\"_blank\" rel=\"noopener\">Klicken Sie hier, um die Qualit\u00e4tspolitik f\u00fcr das Jahr 2023 zu lesen<\/a>[\/vc_column_text][\/vc_column_inner][vc_column_inner width=&#8221;1\/2&#8243;][vc_column_text]<a href=\"https:\/\/www.grazioliangelo.it\/wp-content\/uploads\/2024\/05\/ISO-9001-CERT-05644-2000-AQ-MIL-SINCERT-4-en.pdf\" target=\"_blank\" rel=\"noopener\"><img loading=\"lazy\" decoding=\"async\" class=\"alignnone wp-image-3696\" src=\"https:\/\/www.grazioliangelo.it\/wp-content\/uploads\/2024\/05\/ISO-9001-CERT-05644-2000-AQ-MIL-SINCERT-4-en.jpg\" alt=\"\" width=\"450\" height=\"642\" srcset=\"https:\/\/www.grazioliangelo.it\/wp-content\/uploads\/2024\/05\/ISO-9001-CERT-05644-2000-AQ-MIL-SINCERT-4-en.jpg 718w, https:\/\/www.grazioliangelo.it\/wp-content\/uploads\/2024\/05\/ISO-9001-CERT-05644-2000-AQ-MIL-SINCERT-4-en-210x300.jpg 210w\" sizes=\"auto, (max-width: 450px) 100vw, 450px\" \/><\/a>[\/vc_column_text][\/vc_column_inner][\/vc_row_inner][\/vc_column][\/vc_row][vc_row css=&#8221;.vc_custom_1625232511619{background-color: #ffffff !important;}&#8221;][vc_column][vc_empty_space][\/vc_column][\/vc_row]<\/p>\n<\/div>","protected":false},"excerpt":{"rendered":"<p>[vc_row][vc_column][vc_raw_html]JTNDc3R5bGUlM0Vib2R5JTdCY29sb3IlM0ElMjAlMjMwMDAlM0IlN0RzZWN0aW9uJTIwJTdCYmFja2dyb3VuZCUzQSUyMCUyM2ZmZiUzQiU3RCUyMGElMkNhJTNBaG92ZXIlN0Jjb2xvciUzQSUyMCUyMzAwM2E2OCUzQnRleHQtZGVjb3JhdGlvbiUzQXVuZGVybGluZSUzQiU3RCUzQyUyRnN0eWxlJTNF[\/vc_raw_html][\/vc_column][\/vc_row][vc_row css=&#8221;.vc_custom_1624540229136{background-color: #ffffff !important;}&#8221;][vc_column][vc_row_inner][vc_column_inner width=&#8221;1\/2&#8243;][vc_column_text]Seit dem Jahr 2000 wurde dem Unternehmen durch die \u201eQuality Management Certification\u201c bescheinigt, dass es die Normen f\u00fcr das Qualit\u00e4tsmanagementsystem im Anwendungsbereich der Pr\u00e4zisionsbearbeitung von Getriebestangen, Satellitenhalterungsstiften und Stifte im Allgemeinen f\u00fcr Traktoren und Industriefahrzeuge erf\u00fcllt (EA: 17) Die Erteilung dieses Zertifikats best\u00e4tigt das Engagement von Grazioli Angelo &amp; F.lli f\u00fcr [&hellip;]<\/p>\n","protected":false},"author":1,"featured_media":0,"parent":0,"menu_order":0,"comment_status":"open","ping_status":"open","template":"page-templates\/template-fullwidth.php","meta":{"footnotes":""},"class_list":["post-2666","page","type-page","status-publish","hentry"],"yoast_head":"<!-- This site is optimized with the Yoast SEO plugin v17.2 - https:\/\/yoast.com\/wordpress\/plugins\/seo\/ -->\n<title>Zertifikate - Grazioli Angelo &amp; Fratelli Srl<\/title>\n<meta name=\"description\" content=\"Die Zertifikate des Unternehmens Grazioli Angelo &amp; Fratelli S.r.l., wie die Zertifizierung UNI EN ISO 9001:2015, sind auf unserer...\" \/>\n<meta name=\"robots\" content=\"index, follow, max-snippet:-1, max-image-preview:large, max-video-preview:-1\" \/>\n<link rel=\"canonical\" href=\"https:\/\/www.grazioliangelo.it\/de\/zertifikate\/\" \/>\n<meta property=\"og:locale\" content=\"de_DE\" \/>\n<meta property=\"og:type\" content=\"article\" \/>\n<meta property=\"og:title\" content=\"Zertifikate - Grazioli Angelo &amp; Fratelli Srl\" \/>\n<meta property=\"og:description\" content=\"Die Zertifikate des Unternehmens Grazioli Angelo &amp; Fratelli S.r.l., wie die Zertifizierung UNI EN ISO 9001:2015, sind auf unserer...\" \/>\n<meta property=\"og:url\" content=\"https:\/\/www.grazioliangelo.it\/de\/zertifikate\/\" \/>\n<meta property=\"og:site_name\" content=\"Grazioli Angelo &amp; Fratelli Srl\" \/>\n<meta property=\"article:modified_time\" content=\"2024-05-02T15:24:15+00:00\" \/>\n<meta property=\"og:image\" content=\"https:\/\/www.grazioliangelo.it\/wp-content\/uploads\/2024\/05\/ISO-9001-CERT-05644-2000-AQ-MIL-SINCERT-4-en.jpg\" \/>\n<meta name=\"twitter:card\" content=\"summary_large_image\" \/>\n<meta name=\"twitter:label1\" content=\"Gesch\u00e4tzte Lesezeit\" \/>\n\t<meta name=\"twitter:data1\" content=\"1\u00a0Minute\" \/>\n<script type=\"application\/ld+json\" class=\"yoast-schema-graph\">{\"@context\":\"https:\/\/schema.org\",\"@graph\":[{\"@type\":\"Organization\",\"@id\":\"http:\/\/www.grazioliangelo.it\/de\/#organization\",\"name\":\"Grazioli Angelo & Fratelli Srl\",\"url\":\"http:\/\/www.grazioliangelo.it\/de\/\",\"sameAs\":[],\"logo\":{\"@type\":\"ImageObject\",\"@id\":\"http:\/\/www.grazioliangelo.it\/de\/#logo\",\"inLanguage\":\"de\",\"url\":\"https:\/\/www.grazioliangelo.it\/wp-content\/uploads\/2021\/09\/fratelligrazioli.jpg\",\"contentUrl\":\"https:\/\/www.grazioliangelo.it\/wp-content\/uploads\/2021\/09\/fratelligrazioli.jpg\",\"width\":311,\"height\":311,\"caption\":\"Grazioli Angelo & Fratelli Srl\"},\"image\":{\"@id\":\"http:\/\/www.grazioliangelo.it\/de\/#logo\"}},{\"@type\":\"WebSite\",\"@id\":\"http:\/\/www.grazioliangelo.it\/de\/#website\",\"url\":\"http:\/\/www.grazioliangelo.it\/de\/\",\"name\":\"Grazioli Angelo &amp; Fratelli Srl\",\"description\":\"\",\"publisher\":{\"@id\":\"http:\/\/www.grazioliangelo.it\/de\/#organization\"},\"potentialAction\":[{\"@type\":\"SearchAction\",\"target\":{\"@type\":\"EntryPoint\",\"urlTemplate\":\"http:\/\/www.grazioliangelo.it\/de\/?s={search_term_string}\"},\"query-input\":\"required name=search_term_string\"}],\"inLanguage\":\"de\"},{\"@type\":\"ImageObject\",\"@id\":\"https:\/\/www.grazioliangelo.it\/de\/zertifikate\/#primaryimage\",\"inLanguage\":\"de\",\"url\":\"https:\/\/www.grazioliangelo.it\/wp-content\/uploads\/2024\/05\/ISO-9001-CERT-05644-2000-AQ-MIL-SINCERT-4-en.jpg\",\"contentUrl\":\"https:\/\/www.grazioliangelo.it\/wp-content\/uploads\/2024\/05\/ISO-9001-CERT-05644-2000-AQ-MIL-SINCERT-4-en.jpg\",\"width\":718,\"height\":1024},{\"@type\":\"WebPage\",\"@id\":\"https:\/\/www.grazioliangelo.it\/de\/zertifikate\/#webpage\",\"url\":\"https:\/\/www.grazioliangelo.it\/de\/zertifikate\/\",\"name\":\"Zertifikate - Grazioli Angelo &amp; Fratelli Srl\",\"isPartOf\":{\"@id\":\"http:\/\/www.grazioliangelo.it\/de\/#website\"},\"primaryImageOfPage\":{\"@id\":\"https:\/\/www.grazioliangelo.it\/de\/zertifikate\/#primaryimage\"},\"datePublished\":\"2021-07-02T13:33:11+00:00\",\"dateModified\":\"2024-05-02T15:24:15+00:00\",\"description\":\"Die Zertifikate des Unternehmens Grazioli Angelo & Fratelli S.r.l., wie die Zertifizierung UNI EN ISO 9001:2015, sind auf unserer...\",\"breadcrumb\":{\"@id\":\"https:\/\/www.grazioliangelo.it\/de\/zertifikate\/#breadcrumb\"},\"inLanguage\":\"de\",\"potentialAction\":[{\"@type\":\"ReadAction\",\"target\":[\"https:\/\/www.grazioliangelo.it\/de\/zertifikate\/\"]}]},{\"@type\":\"BreadcrumbList\",\"@id\":\"https:\/\/www.grazioliangelo.it\/de\/zertifikate\/#breadcrumb\",\"itemListElement\":[{\"@type\":\"ListItem\",\"position\":1,\"name\":\"Home\",\"item\":\"https:\/\/www.grazioliangelo.it\/de\/\"},{\"@type\":\"ListItem\",\"position\":2,\"name\":\"Zertifikate\"}]}]}<\/script>\n<!-- \/ Yoast SEO plugin. -->","yoast_head_json":{"title":"Zertifikate - Grazioli Angelo &amp; Fratelli Srl","description":"Die Zertifikate des Unternehmens Grazioli Angelo & Fratelli S.r.l., wie die Zertifizierung UNI EN ISO 9001:2015, sind auf unserer...","robots":{"index":"index","follow":"follow","max-snippet":"max-snippet:-1","max-image-preview":"max-image-preview:large","max-video-preview":"max-video-preview:-1"},"canonical":"https:\/\/www.grazioliangelo.it\/de\/zertifikate\/","og_locale":"de_DE","og_type":"article","og_title":"Zertifikate - Grazioli Angelo &amp; Fratelli Srl","og_description":"Die Zertifikate des Unternehmens Grazioli Angelo & Fratelli S.r.l., wie die Zertifizierung UNI EN ISO 9001:2015, sind auf unserer...","og_url":"https:\/\/www.grazioliangelo.it\/de\/zertifikate\/","og_site_name":"Grazioli Angelo &amp; Fratelli Srl","article_modified_time":"2024-05-02T15:24:15+00:00","og_image":[{"url":"https:\/\/www.grazioliangelo.it\/wp-content\/uploads\/2024\/05\/ISO-9001-CERT-05644-2000-AQ-MIL-SINCERT-4-en.jpg"}],"twitter_card":"summary_large_image","twitter_misc":{"Gesch\u00e4tzte Lesezeit":"1\u00a0Minute"},"schema":{"@context":"https:\/\/schema.org","@graph":[{"@type":"Organization","@id":"http:\/\/www.grazioliangelo.it\/de\/#organization","name":"Grazioli Angelo & Fratelli Srl","url":"http:\/\/www.grazioliangelo.it\/de\/","sameAs":[],"logo":{"@type":"ImageObject","@id":"http:\/\/www.grazioliangelo.it\/de\/#logo","inLanguage":"de","url":"https:\/\/www.grazioliangelo.it\/wp-content\/uploads\/2021\/09\/fratelligrazioli.jpg","contentUrl":"https:\/\/www.grazioliangelo.it\/wp-content\/uploads\/2021\/09\/fratelligrazioli.jpg","width":311,"height":311,"caption":"Grazioli Angelo & Fratelli Srl"},"image":{"@id":"http:\/\/www.grazioliangelo.it\/de\/#logo"}},{"@type":"WebSite","@id":"http:\/\/www.grazioliangelo.it\/de\/#website","url":"http:\/\/www.grazioliangelo.it\/de\/","name":"Grazioli Angelo &amp; Fratelli Srl","description":"","publisher":{"@id":"http:\/\/www.grazioliangelo.it\/de\/#organization"},"potentialAction":[{"@type":"SearchAction","target":{"@type":"EntryPoint","urlTemplate":"http:\/\/www.grazioliangelo.it\/de\/?s={search_term_string}"},"query-input":"required name=search_term_string"}],"inLanguage":"de"},{"@type":"ImageObject","@id":"https:\/\/www.grazioliangelo.it\/de\/zertifikate\/#primaryimage","inLanguage":"de","url":"https:\/\/www.grazioliangelo.it\/wp-content\/uploads\/2024\/05\/ISO-9001-CERT-05644-2000-AQ-MIL-SINCERT-4-en.jpg","contentUrl":"https:\/\/www.grazioliangelo.it\/wp-content\/uploads\/2024\/05\/ISO-9001-CERT-05644-2000-AQ-MIL-SINCERT-4-en.jpg","width":718,"height":1024},{"@type":"WebPage","@id":"https:\/\/www.grazioliangelo.it\/de\/zertifikate\/#webpage","url":"https:\/\/www.grazioliangelo.it\/de\/zertifikate\/","name":"Zertifikate - Grazioli Angelo &amp; Fratelli Srl","isPartOf":{"@id":"http:\/\/www.grazioliangelo.it\/de\/#website"},"primaryImageOfPage":{"@id":"https:\/\/www.grazioliangelo.it\/de\/zertifikate\/#primaryimage"},"datePublished":"2021-07-02T13:33:11+00:00","dateModified":"2024-05-02T15:24:15+00:00","description":"Die Zertifikate des Unternehmens Grazioli Angelo & Fratelli S.r.l., wie die Zertifizierung UNI EN ISO 9001:2015, sind auf unserer...","breadcrumb":{"@id":"https:\/\/www.grazioliangelo.it\/de\/zertifikate\/#breadcrumb"},"inLanguage":"de","potentialAction":[{"@type":"ReadAction","target":["https:\/\/www.grazioliangelo.it\/de\/zertifikate\/"]}]},{"@type":"BreadcrumbList","@id":"https:\/\/www.grazioliangelo.it\/de\/zertifikate\/#breadcrumb","itemListElement":[{"@type":"ListItem","position":1,"name":"Home","item":"https:\/\/www.grazioliangelo.it\/de\/"},{"@type":"ListItem","position":2,"name":"Zertifikate"}]}]}},"_links":{"self":[{"href":"https:\/\/www.grazioliangelo.it\/de\/wp-json\/wp\/v2\/pages\/2666","targetHints":{"allow":["GET"]}}],"collection":[{"href":"https:\/\/www.grazioliangelo.it\/de\/wp-json\/wp\/v2\/pages"}],"about":[{"href":"https:\/\/www.grazioliangelo.it\/de\/wp-json\/wp\/v2\/types\/page"}],"author":[{"embeddable":true,"href":"https:\/\/www.grazioliangelo.it\/de\/wp-json\/wp\/v2\/users\/1"}],"replies":[{"embeddable":true,"href":"https:\/\/www.grazioliangelo.it\/de\/wp-json\/wp\/v2\/comments?post=2666"}],"version-history":[{"count":13,"href":"https:\/\/www.grazioliangelo.it\/de\/wp-json\/wp\/v2\/pages\/2666\/revisions"}],"predecessor-version":[{"id":3702,"href":"https:\/\/www.grazioliangelo.it\/de\/wp-json\/wp\/v2\/pages\/2666\/revisions\/3702"}],"wp:attachment":[{"href":"https:\/\/www.grazioliangelo.it\/de\/wp-json\/wp\/v2\/media?parent=2666"}],"curies":[{"name":"wp","href":"https:\/\/api.w.org\/{rel}","templated":true}]}}